{"id":157,"date":"2017-03-14T19:20:52","date_gmt":"2017-03-14T19:20:52","guid":{"rendered":"http:\/\/cencerro.com\/acapulco\/?page_id=157"},"modified":"2022-10-12T23:48:37","modified_gmt":"2022-10-12T23:48:37","slug":"acapulco","status":"publish","type":"page","link":"http:\/\/acapulco.at\/?page_id=157","title":{"rendered":"Acapulco"},"content":{"rendered":"<p>[et_pb_section fb_built=&#8221;1&#8243; admin_label=&#8221;section&#8221; _builder_version=&#8221;4.16&#8243; custom_padding=&#8221;14px|53px|45.5312px|88px&#8221; custom_css_main_element=&#8221; background: rgba(255, 255, 255, .9);&#8221; transparent_background=&#8221;off&#8221; make_fullwidth=&#8221;off&#8221; use_custom_width=&#8221;off&#8221; width_unit=&#8221;off&#8221; custom_width_px=&#8221;1080px&#8221; custom_width_percent=&#8221;80%&#8221; global_colors_info=&#8221;{}&#8221;][et_pb_row admin_label=&#8221;row&#8221; _builder_version=&#8221;4.16&#8243; background_size=&#8221;initial&#8221; background_position=&#8221;top_left&#8221; background_repeat=&#8221;repeat&#8221; make_fullwidth=&#8221;off&#8221; use_custom_width=&#8221;off&#8221; width_unit=&#8221;off&#8221; custom_width_px=&#8221;1080px&#8221; custom_width_percent=&#8221;80%&#8221; global_colors_info=&#8221;{}&#8221;][et_pb_column type=&#8221;4_4&#8243; _builder_version=&#8221;4.16&#8243; custom_padding=&#8221;|||&#8221; global_colors_info=&#8221;{}&#8221; custom_padding__hover=&#8221;|||&#8221;][et_pb_text admin_label=&#8221;Texto&#8221; _builder_version=&#8221;4.16&#8243; background_size=&#8221;initial&#8221; background_position=&#8221;top_left&#8221; background_repeat=&#8221;repeat&#8221; use_border_color=&#8221;off&#8221; border_style=&#8221;solid&#8221; global_colors_info=&#8221;{}&#8221;]<span style=\"font-size: xx-large;\"><strong>Restaurant Acapulco<\/strong><\/span><\/p>\n<p><span style=\"font-size: small;\"><strong><em>&#8220;El sabor de latinoam\u00e9rica convertido en:<br \/>\nToda una tradici\u00f3n en Vienna&#8221;<\/em><\/strong><\/span><br \/>\n[\/et_pb_text][et_pb_image src=&#8221;http:\/\/acapulco.at\/wp-content\/uploads\/2017\/03\/inlineimage3.jpg&#8221; align=&#8221;center&#8221; align_tablet=&#8221;center&#8221; align_last_edited=&#8221;on|desktop&#8221; admin_label=&#8221;Imagen&#8221; _builder_version=&#8221;4.16&#8243; animation_style=&#8221;slide&#8221; animation_direction=&#8221;left&#8221; animation_duration=&#8221;500ms&#8221; animation_intensity_slide=&#8221;10%&#8221; use_border_color=&#8221;off&#8221; border_color=&#8221;#ffffff&#8221; border_style=&#8221;solid&#8221; animation=&#8221;left&#8221; sticky=&#8221;off&#8221; always_center_on_mobile=&#8221;on&#8221; global_colors_info=&#8221;{}&#8221; align_phone=&#8221;center&#8221;] [\/et_pb_image][et_pb_text admin_label=&#8221;Texto&#8221; _builder_version=&#8221;4.16&#8243; background_size=&#8221;initial&#8221; background_position=&#8221;top_left&#8221; background_repeat=&#8221;repeat&#8221; use_border_color=&#8221;off&#8221; border_style=&#8221;solid&#8221; global_colors_info=&#8221;{}&#8221;]<\/p>\n<p style=\"text-align: justify;\">Das Restaurant Acapulco ist ein Familienbetrieb, der 2001 gegr\u00fcndet wurde.<br \/>Er entstand aus dem Traum einer Familie, die sich in die K\u00fcchen von Peru und Mexiko verliebt hat. Unser Restaurant bietet haupts\u00e4chlich beide K\u00fcchen an, weil uns deren Vielfalt und Originalit\u00e4t einfach begeistert. Wir geben uns alle M\u00fche, dass sich unsere G\u00e4ste an nat\u00fcrlichen und hausgemachten Speisen erg\u00f6tzen k\u00f6nnen. Dazu achten wir sorgf\u00e4ltig auf die Auswahl von authentischen Zutaten und Produkten erster Qualit\u00e4t.<br \/>AuBerdem ist es uns ein Anliegen, die geschmacksreiche K\u00fcche unseres Heimatlandes Peru, die momentan in Wien noch ein Geheimtipp unter Insidern ist, dem \u00f6sterreichischen Gaumen n\u00e4her zu bringen.<br \/>Besuchen Sie uns und tauchen Sie ein in das Ambiente von Lateinamerika mitten in Wien!<\/p>\n<p style=\"text-align: justify;\">Ihre Familie Sandoval<\/p>\n<p>[\/et_pb_text][et_pb_text admin_label=&#8221;Texto&#8221; _builder_version=&#8221;4.16&#8243; background_size=&#8221;initial&#8221; background_position=&#8221;top_left&#8221; background_repeat=&#8221;repeat&#8221; use_border_color=&#8221;off&#8221; border_style=&#8221;solid&#8221; global_colors_info=&#8221;{}&#8221;]<\/p>\n<p style=\"text-align: justify;\">\u00a0 \u00a0 \u00a0 \u00a0El restaurante Acapulco es una empresa familiar, fundada en 2001. Fue creado a partir del sue\u00f1o de una familia que se ha enamorado en la cocina de Per\u00fa y M\u00e9xico. Nuestro restaurante ofrece principalmente dos cocinas. Debido a su diversidad y originalidad simplemente nos emocion\u00f3. Toda nuestra comida es natural y casera. Para ello, prestamos atenci\u00f3n cuidadosamente a la selecci\u00f3n de ingredientes aut\u00e9nticos y productos de primera calidad. Adem\u00e1s, es nuestro principal inter\u00e9s, que la cocina de rico sabor de nuestro pa\u00eds Per\u00fa, se conozca y seguir siendo punta de lanza entre los comensales de Viena, Austria.<br \/>\u00a0\u00a1Vis\u00edtanos y sum\u00e9rgete en el ambiente de Am\u00e9rica Latina en el centro de Viena!<\/p>\n<p style=\"text-align: justify;\">La Familia Sandoval.<\/p>\n<p>[\/et_pb_text][\/et_pb_column][\/et_pb_row][\/et_pb_section]<\/p>\n","protected":false},"excerpt":{"rendered":"<p>Restaurant Acapulco &#8220;El sabor de latinoam\u00e9rica convertido en: Toda una tradici\u00f3n en Vienna&#8221; Das Restaurant Acapulco ist ein Familienbetrieb, der 2001 gegr\u00fcndet wurde.Er entstand aus dem Traum einer Familie, die sich in die K\u00fcchen von Peru und Mexiko verliebt hat. Unser Restaurant bietet haupts\u00e4chlich beide K\u00fcchen an, weil uns deren Vielfalt und Originalit\u00e4t einfach begeistert. [&hellip;]<\/p>\n","protected":false},"author":1,"featured_media":0,"parent":0,"menu_order":0,"comment_status":"closed","ping_status":"closed","template":"","meta":{"_et_pb_use_builder":"on","_et_pb_old_content":"","_et_gb_content_width":"","footnotes":""},"class_list":["post-157","page","type-page","status-publish","hentry"],"_links":{"self":[{"href":"http:\/\/acapulco.at\/index.php?rest_route=\/wp\/v2\/pages\/157","targetHints":{"allow":["GET"]}}],"collection":[{"href":"http:\/\/acapulco.at\/index.php?rest_route=\/wp\/v2\/pages"}],"about":[{"href":"http:\/\/acapulco.at\/index.php?rest_route=\/wp\/v2\/types\/page"}],"author":[{"embeddable":true,"href":"http:\/\/acapulco.at\/index.php?rest_route=\/wp\/v2\/users\/1"}],"replies":[{"embeddable":true,"href":"http:\/\/acapulco.at\/index.php?rest_route=%2Fwp%2Fv2%2Fcomments&post=157"}],"version-history":[{"count":11,"href":"http:\/\/acapulco.at\/index.php?rest_route=\/wp\/v2\/pages\/157\/revisions"}],"predecessor-version":[{"id":431,"href":"http:\/\/acapulco.at\/index.php?rest_route=\/wp\/v2\/pages\/157\/revisions\/431"}],"wp:attachment":[{"href":"http:\/\/acapulco.at\/index.php?rest_route=%2Fwp%2Fv2%2Fmedia&parent=157"}],"curies":[{"name":"wp","href":"https:\/\/api.w.org\/{rel}","templated":true}]}}